{"id":81987,"date":"2024-02-20T14:03:18","date_gmt":"2024-02-20T13:03:18","guid":{"rendered":"http:\/\/www.taleotecnoracing.com\/?post_type=product&#038;p=81987"},"modified":"2024-12-04T09:18:26","modified_gmt":"2024-12-04T08:18:26","slug":"radiador-aprilia-rs-660-aceite","status":"publish","type":"product","link":"https:\/\/www.taleotecnoracing.com\/en\/product\/radiator-aprilia-rs-660-oil\/","title":{"rendered":"Aprilia RS 660 Big Oil Set"},"content":{"rendered":"<h2>Rendimiento inmejorable de tu moto con el radiador para Aprilia RS 660.<\/h2>\n<p>Optimiza la refrigeraci\u00f3n de tu Aprilia RS 660 con nuestro revolucionario Radiador Big Oil. Dise\u00f1ado meticulosamente por expertos en ingenier\u00eda automotriz, este producto es sin\u00f3nimo de calidad y durabilidad excepcional.<\/p>\n<p>Gracias a su estructura mejorada, proporciona una disipaci\u00f3n t\u00e9rmica superior al sistema tradicional, brindando as\u00ed un mayor control sobre la temperatura interna del motor. Convierte cada vuelta en el circuito en una experiencia inolvidable sintiendo todo el poder de tu motocicleta gracias al innovador Radiador Big Oil hecho especialmente para tu Aprilia.<\/p>","protected":false},"excerpt":{"rendered":"<p>This radiator comes prepared with everything necessary to be able to mount it together with the standard water radiator. Includes oil exchanger, hoses, mounting forks and gaskets.<\/p>\n<ul>\n<li><strong>Reference:<\/strong> A1M1-A001<\/li>\n<li><strong>Brand:<\/strong> Aprilia<\/li>\n<li><strong>Model:<\/strong> RS660<\/li>\n<li><strong>Year:<\/strong> 2020 onwards<\/li>\n<li><strong>Radiator type:<\/strong> Big Oil<\/li>\n<li><strong>Material:<\/strong> Aluminum<\/li>\n<li><strong>Radiator weight:<\/strong> 815g dry<\/li>\n<\/ul>","protected":false},"featured_media":82372,"comment_status":"open","ping_status":"closed","template":"","meta":{"_et_pb_use_builder":"","_et_pb_old_content":"","_et_gb_content_width":"","_joinchat":[]},"product_brand":[],"product_cat":[24],"product_tag":[73],"class_list":{"0":"post-81987","1":"product","2":"type-product","3":"status-publish","4":"has-post-thumbnail","6":"product_cat-radiadores-moto-aprilia","7":"product_tag-radiadores-aceite","9":"first","10":"instock","11":"shipping-taxable","12":"purchasable","13":"product-type-simple"},"yoast_head":"<!-- This site is optimized with the Yoast SEO plugin v26.3 - https:\/\/yoast.com\/wordpress\/plugins\/seo\/ -->\n<title>Aprilia RS 660 Big Oil Set | Radiador de aceite para motocicletas<\/title>\n<meta name=\"description\" content=\"Radiador de aceite para Aprilia RS 660. Los radiadores de Taleo Tecnoracing son l\u00edderes en Moto 3, moto 2 y en varios equipos de moto GP\" \/>\n<meta name=\"robots\" content=\"index, follow, max-snippet:-1, max-image-preview:large, max-video-preview:-1\" \/>\n<link rel=\"canonical\" href=\"https:\/\/www.taleotecnoracing.com\/en\/product\/radiator-aprilia-rs-660-oil\/\" \/>\n<meta property=\"og:locale\" content=\"en_GB\" \/>\n<meta property=\"og:type\" content=\"article\" \/>\n<meta property=\"og:title\" content=\"Aprilia RS 660 Big Oil Set | Radiador de aceite para motocicletas\" \/>\n<meta property=\"og:description\" content=\"Radiador de aceite para Aprilia RS 660. Los radiadores de Taleo Tecnoracing son l\u00edderes en Moto 3, moto 2 y en varios equipos de moto GP\" \/>\n<meta property=\"og:url\" content=\"https:\/\/www.taleotecnoracing.com\/en\/product\/radiator-aprilia-rs-660-oil\/\" \/>\n<meta property=\"og:site_name\" content=\"Taleo Tecnoracing\" \/>\n<meta property=\"article:modified_time\" content=\"2024-12-04T08:18:26+00:00\" \/>\n<meta property=\"og:image\" content=\"http:\/\/www.taleotecnoracing.com\/wp-content\/uploads\/2024\/02\/radiador-competicion-aprilia-rs.webp\" \/>\n\t<meta property=\"og:image:width\" content=\"800\" \/>\n\t<meta property=\"og:image:height\" content=\"800\" \/>\n\t<meta property=\"og:image:type\" content=\"image\/webp\" \/>\n<meta name=\"twitter:card\" content=\"summary_large_image\" \/>\n<meta name=\"twitter:label1\" content=\"Estimated reading time\" \/>\n\t<meta name=\"twitter:data1\" content=\"1 minute\" \/>\n<script type=\"application\/ld+json\" class=\"yoast-schema-graph\">{\"@context\":\"https:\/\/schema.org\",\"@graph\":[{\"@type\":[\"WebPage\",\"CollectionPage\"],\"@id\":\"https:\/\/www.taleotecnoracing.com\/producto\/radiador-aprilia-rs-660-aceite\/\",\"url\":\"https:\/\/www.taleotecnoracing.com\/producto\/radiador-aprilia-rs-660-aceite\/\",\"name\":\"Aprilia RS 660 Big Oil Set | Radiador de aceite para motocicletas\",\"isPartOf\":{\"@id\":\"https:\/\/www.taleotecnoracing.com\/#website\"},\"primaryImageOfPage\":{\"@id\":\"https:\/\/www.taleotecnoracing.com\/producto\/radiador-aprilia-rs-660-aceite\/#primaryimage\"},\"image\":{\"@id\":\"https:\/\/www.taleotecnoracing.com\/producto\/radiador-aprilia-rs-660-aceite\/#primaryimage\"},\"thumbnailUrl\":\"https:\/\/www.taleotecnoracing.com\/wp-content\/uploads\/2024\/02\/radiador-competicion-aprilia-rs.webp\",\"datePublished\":\"2024-02-20T13:03:18+00:00\",\"dateModified\":\"2024-12-04T08:18:26+00:00\",\"description\":\"Radiador de aceite para Aprilia RS 660. Los radiadores de Taleo Tecnoracing son l\u00edderes en Moto 3, moto 2 y en varios equipos de moto GP\",\"breadcrumb\":{\"@id\":\"https:\/\/www.taleotecnoracing.com\/producto\/radiador-aprilia-rs-660-aceite\/#breadcrumb\"},\"inLanguage\":\"en-GB\"},{\"@type\":\"ImageObject\",\"inLanguage\":\"en-GB\",\"@id\":\"https:\/\/www.taleotecnoracing.com\/producto\/radiador-aprilia-rs-660-aceite\/#primaryimage\",\"url\":\"https:\/\/www.taleotecnoracing.com\/wp-content\/uploads\/2024\/02\/radiador-competicion-aprilia-rs.webp\",\"contentUrl\":\"https:\/\/www.taleotecnoracing.com\/wp-content\/uploads\/2024\/02\/radiador-competicion-aprilia-rs.webp\",\"width\":800,\"height\":800},{\"@type\":\"BreadcrumbList\",\"@id\":\"https:\/\/www.taleotecnoracing.com\/producto\/radiador-aprilia-rs-660-aceite\/#breadcrumb\",\"itemListElement\":[{\"@type\":\"ListItem\",\"position\":1,\"name\":\"Portada\",\"item\":\"https:\/\/www.taleotecnoracing.com\/\"},{\"@type\":\"ListItem\",\"position\":2,\"name\":\"Radiadores moto &#8211; tienda online\",\"item\":\"https:\/\/www.taleotecnoracing.com\/radiador-moto\/\"},{\"@type\":\"ListItem\",\"position\":3,\"name\":\"Aprilia RS 660 Big Oil Set\"}]},{\"@type\":\"WebSite\",\"@id\":\"https:\/\/www.taleotecnoracing.com\/#website\",\"url\":\"https:\/\/www.taleotecnoracing.com\/\",\"name\":\"Taleo Tecnoracing\",\"description\":\"Fabricantes de radiadores para motos de competici\u00f3n\",\"publisher\":{\"@id\":\"https:\/\/www.taleotecnoracing.com\/#organization\"},\"alternateName\":\"Radiadores de moto de competici\u00f3n\",\"potentialAction\":[{\"@type\":\"SearchAction\",\"target\":{\"@type\":\"EntryPoint\",\"urlTemplate\":\"https:\/\/www.taleotecnoracing.com\/?s={search_term_string}\"},\"query-input\":{\"@type\":\"PropertyValueSpecification\",\"valueRequired\":true,\"valueName\":\"search_term_string\"}}],\"inLanguage\":\"en-GB\"},{\"@type\":\"Organization\",\"@id\":\"https:\/\/www.taleotecnoracing.com\/#organization\",\"name\":\"Taleo TecnoRacing SL\",\"alternateName\":\"Radiadores para motos de competici\u00f3n\",\"url\":\"https:\/\/www.taleotecnoracing.com\/\",\"logo\":{\"@type\":\"ImageObject\",\"inLanguage\":\"en-GB\",\"@id\":\"https:\/\/www.taleotecnoracing.com\/#\/schema\/logo\/image\/\",\"url\":\"https:\/\/www.taleotecnoracing.com\/wp-content\/uploads\/2024\/06\/cropped-logo-taleo-tecnoracing-radiadores.webp\",\"contentUrl\":\"https:\/\/www.taleotecnoracing.com\/wp-content\/uploads\/2024\/06\/cropped-logo-taleo-tecnoracing-radiadores.webp\",\"width\":512,\"height\":512,\"caption\":\"Taleo TecnoRacing SL\"},\"image\":{\"@id\":\"https:\/\/www.taleotecnoracing.com\/#\/schema\/logo\/image\/\"}}]}<\/script>\n<!-- \/ Yoast SEO plugin. -->","yoast_head_json":{"title":"Aprilia RS 660 Big Oil Set | Radiador de aceite para motocicletas","description":"Radiador de aceite para Aprilia RS 660. Los radiadores de Taleo Tecnoracing son l\u00edderes en Moto 3, moto 2 y en varios equipos de moto GP","robots":{"index":"index","follow":"follow","max-snippet":"max-snippet:-1","max-image-preview":"max-image-preview:large","max-video-preview":"max-video-preview:-1"},"canonical":"https:\/\/www.taleotecnoracing.com\/en\/product\/radiator-aprilia-rs-660-oil\/","og_locale":"en_GB","og_type":"article","og_title":"Aprilia RS 660 Big Oil Set | Radiador de aceite para motocicletas","og_description":"Radiador de aceite para Aprilia RS 660. Los radiadores de Taleo Tecnoracing son l\u00edderes en Moto 3, moto 2 y en varios equipos de moto GP","og_url":"https:\/\/www.taleotecnoracing.com\/en\/product\/radiator-aprilia-rs-660-oil\/","og_site_name":"Taleo Tecnoracing","article_modified_time":"2024-12-04T08:18:26+00:00","og_image":[{"width":800,"height":800,"url":"http:\/\/www.taleotecnoracing.com\/wp-content\/uploads\/2024\/02\/radiador-competicion-aprilia-rs.webp","type":"image\/webp"}],"twitter_card":"summary_large_image","twitter_misc":{"Estimated reading time":"1 minute"},"schema":{"@context":"https:\/\/schema.org","@graph":[{"@type":["WebPage","CollectionPage"],"@id":"https:\/\/www.taleotecnoracing.com\/producto\/radiador-aprilia-rs-660-aceite\/","url":"https:\/\/www.taleotecnoracing.com\/producto\/radiador-aprilia-rs-660-aceite\/","name":"Aprilia RS 660 Big Oil Set | Radiador de aceite para motocicletas","isPartOf":{"@id":"https:\/\/www.taleotecnoracing.com\/#website"},"primaryImageOfPage":{"@id":"https:\/\/www.taleotecnoracing.com\/producto\/radiador-aprilia-rs-660-aceite\/#primaryimage"},"image":{"@id":"https:\/\/www.taleotecnoracing.com\/producto\/radiador-aprilia-rs-660-aceite\/#primaryimage"},"thumbnailUrl":"https:\/\/www.taleotecnoracing.com\/wp-content\/uploads\/2024\/02\/radiador-competicion-aprilia-rs.webp","datePublished":"2024-02-20T13:03:18+00:00","dateModified":"2024-12-04T08:18:26+00:00","description":"Radiador de aceite para Aprilia RS 660. Los radiadores de Taleo Tecnoracing son l\u00edderes en Moto 3, moto 2 y en varios equipos de moto GP","breadcrumb":{"@id":"https:\/\/www.taleotecnoracing.com\/producto\/radiador-aprilia-rs-660-aceite\/#breadcrumb"},"inLanguage":"en-GB"},{"@type":"ImageObject","inLanguage":"en-GB","@id":"https:\/\/www.taleotecnoracing.com\/producto\/radiador-aprilia-rs-660-aceite\/#primaryimage","url":"https:\/\/www.taleotecnoracing.com\/wp-content\/uploads\/2024\/02\/radiador-competicion-aprilia-rs.webp","contentUrl":"https:\/\/www.taleotecnoracing.com\/wp-content\/uploads\/2024\/02\/radiador-competicion-aprilia-rs.webp","width":800,"height":800},{"@type":"BreadcrumbList","@id":"https:\/\/www.taleotecnoracing.com\/producto\/radiador-aprilia-rs-660-aceite\/#breadcrumb","itemListElement":[{"@type":"ListItem","position":1,"name":"Portada","item":"https:\/\/www.taleotecnoracing.com\/"},{"@type":"ListItem","position":2,"name":"Radiadores moto &#8211; tienda online","item":"https:\/\/www.taleotecnoracing.com\/radiador-moto\/"},{"@type":"ListItem","position":3,"name":"Aprilia RS 660 Big Oil Set"}]},{"@type":"WebSite","@id":"https:\/\/www.taleotecnoracing.com\/#website","url":"https:\/\/www.taleotecnoracing.com\/","name":"Taleo Tecnoracing","description":"Fabricantes de radiadores para motos de competici\u00f3n","publisher":{"@id":"https:\/\/www.taleotecnoracing.com\/#organization"},"alternateName":"Radiadores de moto de competici\u00f3n","potentialAction":[{"@type":"SearchAction","target":{"@type":"EntryPoint","urlTemplate":"https:\/\/www.taleotecnoracing.com\/?s={search_term_string}"},"query-input":{"@type":"PropertyValueSpecification","valueRequired":true,"valueName":"search_term_string"}}],"inLanguage":"en-GB"},{"@type":"Organization","@id":"https:\/\/www.taleotecnoracing.com\/#organization","name":"Taleo TecnoRacing SL","alternateName":"Radiadores para motos de competici\u00f3n","url":"https:\/\/www.taleotecnoracing.com\/","logo":{"@type":"ImageObject","inLanguage":"en-GB","@id":"https:\/\/www.taleotecnoracing.com\/#\/schema\/logo\/image\/","url":"https:\/\/www.taleotecnoracing.com\/wp-content\/uploads\/2024\/06\/cropped-logo-taleo-tecnoracing-radiadores.webp","contentUrl":"https:\/\/www.taleotecnoracing.com\/wp-content\/uploads\/2024\/06\/cropped-logo-taleo-tecnoracing-radiadores.webp","width":512,"height":512,"caption":"Taleo TecnoRacing SL"},"image":{"@id":"https:\/\/www.taleotecnoracing.com\/#\/schema\/logo\/image\/"}}]}},"_links":{"self":[{"href":"https:\/\/www.taleotecnoracing.com\/en\/wp-json\/wp\/v2\/product\/81987","targetHints":{"allow":["GET"]}}],"collection":[{"href":"https:\/\/www.taleotecnoracing.com\/en\/wp-json\/wp\/v2\/product"}],"about":[{"href":"https:\/\/www.taleotecnoracing.com\/en\/wp-json\/wp\/v2\/types\/product"}],"replies":[{"embeddable":true,"href":"https:\/\/www.taleotecnoracing.com\/en\/wp-json\/wp\/v2\/comments?post=81987"}],"wp:featuredmedia":[{"embeddable":true,"href":"https:\/\/www.taleotecnoracing.com\/en\/wp-json\/wp\/v2\/media\/82372"}],"wp:attachment":[{"href":"https:\/\/www.taleotecnoracing.com\/en\/wp-json\/wp\/v2\/media?parent=81987"}],"wp:term":[{"taxonomy":"product_brand","embeddable":true,"href":"https:\/\/www.taleotecnoracing.com\/en\/wp-json\/wp\/v2\/product_brand?post=81987"},{"taxonomy":"product_cat","embeddable":true,"href":"https:\/\/www.taleotecnoracing.com\/en\/wp-json\/wp\/v2\/product_cat?post=81987"},{"taxonomy":"product_tag","embeddable":true,"href":"https:\/\/www.taleotecnoracing.com\/en\/wp-json\/wp\/v2\/product_tag?post=81987"}],"curies":[{"name":"wp","href":"https:\/\/api.w.org\/{rel}","templated":true}]}}